{"id":1821,"date":"2018-08-10T19:02:31","date_gmt":"2018-08-10T17:02:31","guid":{"rendered":"http:\/\/immobiliaredomizil.it\/wo-wir-sind\/"},"modified":"2018-08-10T19:02:31","modified_gmt":"2018-08-10T17:02:31","slug":"wo-wir-sind","status":"publish","type":"page","link":"https:\/\/immobiliaredomizil.it\/de\/wo-wir-sind\/","title":{"rendered":"Wo wir sind"},"content":{"rendered":"<p>[vc_row full_width=&#8220;full_width&#8220; content_placement=&#8220;top&#8220;][vc_column][vc_column_text]<div id=\"lmm_fa26f76b\" style=\"width:100%;\" class=\"mapsmarker markermap marker-1\">\n<div id=\"lmm_map_fa26f76b\" class=\"lmm-map\" style=\"background:#f6f6f6;border:1px solid #ccc;height:400px; overflow:hidden;padding:0;\"><p style=\"font-size:80%;color:#9f9e9e;margin-left:5px;\">Karte wird geladen - bitte warten...<noscript><br\/><strong>Karte konnte nicht geladen werden - bitte aktivieren Sie Javascript!<\/strong><br\/><a style=\"text-decoration:none;\" href=\"https:\/\/www.mapsmarker.com\/js-disabled\" target=\"_blank\">&rarr; Weitere Informationen<\/a><\/noscript><\/p><\/div>\n<div id=\"lmm_geo_tags_fa26f76b\" class=\"lmm-geo-tags geo\">\n<span class=\"paneltext\">Dove siamo<\/span>\n<span class=\"latitude\">42.643850<\/span>, <span class=\"longitude\">11.988187<\/span>\n<span class=\"popuptext\">\r\nCorso della Repubblica 52\r\nTel: (+39) 0761 798444\r\nEmail: info@immobiliaredomizil.it<\/span>\n<\/div>\n<\/div>[\/vc_column_text][\/vc_column][\/vc_row][vc_row][vc_column][vc_column_text]<\/p>\n<div id=\"divTestoAgenzia\">\n<p><span id=\"lblCorpoDoveSiamo\">Die Immobilienagentur DOMIZIL finden Sie in Bolsena auf dem Corso della Repubblica Nr. 50, dem Hauptplatz des Ortes. Bolsena geh\u00f6rt Die Immobilienagentur DOMIZIL finden Sie in Bolsena auf dem Corso della Repubblica Nr. 50, dem Hauptplatz des Ortes. Bolsena geh\u00f6rt zur Provinz von Viterbo,d.h. zur Region Latium. Doch nur 6 km vom Ortskern entfernt liegt Umbrien, bis Orvieto sind es 21 km. Mit der Region Toskana verh\u00e4lt es sich \u00e4hnlich, diese endet rund 20 km n\u00f6rdlich von Bolsena.<\/span><\/p>\n<p>Anfahrtswege nach Bolsena:<\/p>\n<ul>\n<li>\u00fcber die Staatsstrasse Nr. 2 &#8222;S.S. Cassia&#8220; aus Richtung Rom (S\u00fcden) 113 km, aus Richtung Siena (Norden) 112 km.<\/li>\n<li>\u00fcber die Autobahn &#8222;Autostrada del Sole (A1)&#8220;, Ausfahrt Orvieto,ca. 22 km \u00fcber Land auf der Provinzstrasse &#8222;umbro-casentinese (Orvietana)&#8220; der Ausschilderung &#8222;Lago di Bolsena&#8220; folgen.<\/li>\n<li>\u00fcber die Schnellstrasse Roma-Orte-Viterbo, Ausfahrt Viterbo, dann 30 km auf der S.S.Cassia bis Bolsena<\/li>\n<li>die n\u00e4chsten Bahnh\u00f6fe befinden sich in Orvieto (Italiens Haupt-Bahnstrecke) und in Viterbo.<\/li>\n<\/ul>\n<\/div>\n<div id=\"divContenitoreMappaEsterno\">\n<div id=\"divContenitoreMappaInterno\">\n<div>\n<div class=\"gm-style\">\n<div tabindex=\"0\">\n<div>\n<div>\n<div><\/div>\n<div>\n<div>\n<div><\/div>\n<\/div>\n<\/div>\n<\/div>\n<\/div>\n<\/div>\n<\/div>\n<\/div>\n<\/div>\n<\/div>\n<p>[\/vc_column_text][\/vc_column][\/vc_row]<\/p>\n","protected":false},"excerpt":{"rendered":"<p>[vc_row full_width=&#8220;full_width&#8220; content_placement=&#8220;top&#8220;][vc_column][vc_column_text][\/vc_column_text][\/vc_column][\/vc_row][vc_row][vc_column][vc_column_text] Die Immobilienagentur DOMIZIL finden Sie in Bolsena auf dem Corso della Repubblica Nr. 50, dem Hauptplatz des ..<\/p>\n","protected":false},"author":1,"featured_media":0,"parent":0,"menu_order":0,"comment_status":"closed","ping_status":"closed","template":"","meta":[],"_links":{"self":[{"href":"https:\/\/immobiliaredomizil.it\/de\/wp-json\/wp\/v2\/pages\/1821"}],"collection":[{"href":"https:\/\/immobiliaredomizil.it\/de\/wp-json\/wp\/v2\/pages"}],"about":[{"href":"https:\/\/immobiliaredomizil.it\/de\/wp-json\/wp\/v2\/types\/page"}],"author":[{"embeddable":true,"href":"https:\/\/immobiliaredomizil.it\/de\/wp-json\/wp\/v2\/users\/1"}],"replies":[{"embeddable":true,"href":"https:\/\/immobiliaredomizil.it\/de\/wp-json\/wp\/v2\/comments?post=1821"}],"version-history":[{"count":2,"href":"https:\/\/immobiliaredomizil.it\/de\/wp-json\/wp\/v2\/pages\/1821\/revisions"}],"predecessor-version":[{"id":1823,"href":"https:\/\/immobiliaredomizil.it\/de\/wp-json\/wp\/v2\/pages\/1821\/revisions\/1823"}],"wp:attachment":[{"href":"https:\/\/immobiliaredomizil.it\/de\/wp-json\/wp\/v2\/media?parent=1821"}],"curies":[{"name":"wp","href":"https:\/\/api.w.org\/{rel}","templated":true}]}}